{"id":82,"date":"2019-08-12T07:58:55","date_gmt":"2019-08-12T05:58:55","guid":{"rendered":"http:\/\/asdlavagna90.altervista.org\/?page_id=82"},"modified":"2025-08-23T19:11:27","modified_gmt":"2025-08-23T18:11:27","slug":"corsi-attrezzi","status":"publish","type":"page","link":"https:\/\/lavagna90asd.org\/index.php\/corsi-attrezzi\/","title":{"rendered":"Corsi Attrezzi"},"content":{"rendered":"<p>[et_pb_section fb_built=&#8221;1&#8243; fullwidth=&#8221;on&#8221; _builder_version=&#8221;3.22&#8243;][et_pb_fullwidth_slider _builder_version=&#8221;3.26.7&#8243;][et_pb_slide heading=&#8221;Corsi Attrezzi&#8221; _builder_version=&#8221;3.21.1&#8243; background_image=&#8221;https:\/\/lavagna90asd.org\/wp-content\/uploads\/2025\/08\/attrezzi.jpg&#8221;][\/et_pb_slide][\/et_pb_fullwidth_slider][\/et_pb_section][et_pb_section fb_built=&#8221;1&#8243; _builder_version=&#8221;3.22&#8243;][et_pb_row _builder_version=&#8221;3.25&#8243;][et_pb_column type=&#8221;4_4&#8243; _builder_version=&#8221;3.25&#8243; custom_padding=&#8221;|||&#8221; custom_padding__hover=&#8221;|||&#8221;][et_pb_text _builder_version=&#8221;3.21.1&#8243;]<\/p>\n<p>La nuova idea del fitness si chiama aquabike e promette risultati davvero sorprendenti per la tonificazione e il rassodamento muscolare. La bicicletta in acqua \u00e8 un attrezzo dell\u2019ultima generazione e consente un allenamento divertente e di facile esecuzione pur essendo intenso e mirato. Il ritmo della pedalata \u00e8 studiato per allenare diversi gruppi muscolari: durante la lezione infatti, l\u2019istruttore alterna simulazioni di salite impegnative, percorsi in piano per poi entrare, a tratti, in fasi di recupero quando la pedalata si fa pi\u00f9 lenta e cadenzata. L\u2019allenamento \u00e8 comunque sempre dinamico e i 45 minuti scanditi al ritmo di musiche adatte e coinvolgenti passano molto velocemente.<\/p>\n<p>L\u2019ATTREZZO<\/p>\n<p>La bicicletta \u00e8 una cyclette posizionata su solidi appoggi e dotata di un manubrio a doppia forcella che emerge in parte dall\u2019acqua e permette diverse impugnature, collegate alle diverse fasi dell\u2019allenamento. I pedali sono dotati di appositi flap che permettono di sfruttare la resistenza all\u2019acqua; il manubrio e il sellino sono regolabili e quindi adattabili alla propria altezza e conformazione fisica.<\/p>\n<p>ACQUA E BENEFICI.<\/p>\n<p>E\u2019 proprio l\u2019acqua a \u201cfare la differenza\u201d e a determinare la vera forza innovativa di questa disciplina. La resistenza che la densit\u00e0 dell\u2019acqua oppone all\u2019attivit\u00e0 muscolare frena in modo ottimale e mirato ogni singolo movimento rendendo la prestazione pi\u00f9 intensa e al tempo stesso vantaggiosa per il rapido rassodamento e modellamento delle fasce muscolari coinvolte nel lavoro. Sappiamo del resto che il largo successo ottenuto negli ultimi anni dalle varie pratiche di fitness acquatico si basa su pochi ma basilari principi: la diminuzione del peso e del carico che si ottiene in acqua protegge e salvaguarda dallo sforzo muscoli, legamenti ed articolazioni. Allo stesso tempo l\u2019esercizio fisico effettuato in acqua ci regala un continuo massaggio drenante e tonificante, stimola la microcircolazione sanguigna e linfatica, rende possibile l\u2019eliminazione di tossine e ristagni liquidi soprattutto a carico degli arti inferiori. L\u2019acquabike in particolare tonifica tutta la muscolatura degli arti inferiori, rassoda glutei e fianchi, fortifica i muscoli stabilizzatori del tronco addominali e lombari senza sottoporre la colonna vertebrale a flessioni e movimenti stressanti. Le articolazioni delle ginocchia e delle anche sono protette dal ridotto carico in acqua del peso del corpo, rendendo questo attrezzo utilizzabile davvero da tutti. Nell\u2019arco degli ultimi anni si \u00e8 assistito ad un aumento decisamente esponenziale delle richieste riguardo alla pratica del fitness in acqua. Pi\u00f9 un centro \u00e8 dotato di attrezzature e propone differenti attivit\u00e0, pi\u00f9 riscuote il consenso degli utenti. La bicicletta in acqua ha rinfrescato il panorama delle attivit\u00e0 dei centri acquatici con nuovi programmi di allenamento e diverse opportunit\u00e0 di movimento trascinando in acqua diversi target di utenza: dagli uomini alle casalinghe, dagli adolescenti agli atleti, senza dimenticare gli anziani, vero \u00e8 che i corsi vengono diversificati a seconda delle esigenze del cliente. Le lezioni possono essere cosi svolte da tutti e risultano sempre stimolanti grazie alle caratteristiche tecniche dell\u2019acquabike, la particolarit\u00e0 della pedalata con i flap e l\u2019utilizzo di attrezzi diversi per le braccia. La scelta della musica, l\u2019abilit\u00e0 e professionalit\u00e0 dell\u2019insegnante, la simpatia e il coinvolgimento degli allievi sono tutti ingredienti fondamentali per una lezione davvero entusiasmante che vi consigliamo di venire a provare!<\/p>\n<p>Water Trekking OKEO \u00e8 un tapis roulant studiato per eseguire un lavoro aerobico con diversi tipi di andature in acqua.<\/p>\n<p>Le diverse intensit\u00e0 di andatura permettono:<\/p>\n<p>&#8211; una efficace tonificazione degli arti inferiori e dei glutei<\/p>\n<p>&#8211; un elevato consumo di grassi in particolare alle basse intensit\u00e0<\/p>\n<p>&#8211; un efficace lavoro cardiocircolatorio generale e periferico<\/p>\n<p>&#8211; un effettivo massaggio linfodrenante derivante dalla resistenza pressoria esercitata dall&#8217;acqua che si contrappone all&#8217;avanzamento della gamba<\/p>\n<p>Queste caratteristiche rendono quindi Water Trekking OKEO molto utile non solo per il fitness in acqua ma anche per il dimagrimento e la riabilitazione.<\/p>\n<p>[\/et_pb_text][\/et_pb_column][\/et_pb_row][et_pb_row _builder_version=&#8221;3.26.7&#8243;][et_pb_column type=&#8221;4_4&#8243; _builder_version=&#8221;3.26.7&#8243;][et_pb_text _builder_version=&#8221;3.26.7&#8243;]<\/p>\n<h4 style=\"text-align: center;\">PROVA LE NOVITA\u2019 FITNESS, I NUOVI ABBONAMENTI E LE PRENOTAZIONI ONLINE<\/h4>\n<p>[\/et_pb_text][\/et_pb_column][\/et_pb_row][et_pb_row _builder_version=&#8221;3.26.7&#8243;][et_pb_column type=&#8221;4_4&#8243; _builder_version=&#8221;3.26.7&#8243;][et_pb_toggle title=&#8221;AQUABIKE&#8221; _builder_version=&#8221;3.26.7&#8243;]<\/p>\n<p>LUN-VEN 10.45<\/p>\n<p>MAR-GIO 13.45<\/p>\n<p>SAB 9.00<\/p>\n<p>LUN-MER-VEN 18.45<\/p>\n<p>[\/et_pb_toggle][et_pb_toggle title=&#8221;TAPIS ROULANT&#8221; _builder_version=&#8221;3.26.7&#8243;]<\/p>\n<p>LUN-VEN 13.45<\/p>\n<p>MAR -GIO 10.00<\/p>\n<p>MER 17.15<\/p>\n<p>MAR-GIO 18.00<\/p>\n<p>LUN-MER 20.15<\/p>\n<p>SAB -DOM 10.45<\/p>\n<p>[\/et_pb_toggle][\/et_pb_column][\/et_pb_row][\/et_pb_section]<\/p>\n","protected":false},"excerpt":{"rendered":"<p>[et_pb_section fb_built=&#8221;1&#8243; fullwidth=&#8221;on&#8221; _builder_version=&#8221;3.22&#8243;][et_pb_fullwidth_slider _builder_version=&#8221;3.26.7&#8243;][et_pb_slide heading=&#8221;Corsi Attrezzi&#8221; _builder_version=&#8221;3.21.1&#8243; background_image=&#8221;https:\/\/lavagna90asd.org\/wp-content\/uploads\/2025\/08\/attrezzi.jpg&#8221;][\/et_pb_slide][\/et_pb_fullwidth_slider][\/et_pb_section][et_pb_section fb_built=&#8221;1&#8243; _builder_version=&#8221;3.22&#8243;][et_pb_row _builder_version=&#8221;3.25&#8243;][et_pb_column type=&#8221;4_4&#8243; _builder_version=&#8221;3.25&#8243; custom_padding=&#8221;|||&#8221; custom_padding__hover=&#8221;|||&#8221;][et_pb_text _builder_version=&#8221;3.21.1&#8243;] La nuova idea del fitness si chiama aquabike e promette risultati davvero sorprendenti per la tonificazione e il rassodamento muscolare. La bicicletta in acqua \u00e8 un attrezzo dell\u2019ultima generazione e consente un allenamento divertente e di facile esecuzione [&hellip;]<\/p>\n","protected":false},"author":1,"featured_media":0,"parent":0,"menu_order":0,"comment_status":"closed","ping_status":"closed","template":"","meta":{"_et_pb_use_builder":"on","_et_pb_old_content":"","footnotes":""},"class_list":["post-82","page","type-page","status-publish","hentry"],"yoast_head":"<!-- This site is optimized with the Yoast SEO plugin v27.5 - https:\/\/yoast.com\/product\/yoast-seo-wordpress\/ -->\n<title>Corsi Attrezzi - Piscina di Lavagna<\/title>\n<meta name=\"robots\" content=\"index, follow, max-snippet:-1, max-image-preview:large, max-video-preview:-1\" \/>\n<link rel=\"canonical\" href=\"https:\/\/lavagna90asd.org\/index.php\/corsi-attrezzi\/\" \/>\n<meta property=\"og:locale\" content=\"it_IT\" \/>\n<meta property=\"og:type\" content=\"article\" \/>\n<meta property=\"og:title\" content=\"Corsi Attrezzi - Piscina di Lavagna\" \/>\n<meta property=\"og:description\" content=\"[et_pb_section fb_built=&#8221;1&#8243; fullwidth=&#8221;on&#8221; _builder_version=&#8221;3.22&#8243;][et_pb_fullwidth_slider _builder_version=&#8221;3.26.7&#8243;][et_pb_slide heading=&#8221;Corsi Attrezzi&#8221; _builder_version=&#8221;3.21.1&#8243; background_image=&#8221;https:\/\/lavagna90asd.org\/wp-content\/uploads\/2025\/08\/attrezzi.jpg&#8221;][\/et_pb_slide][\/et_pb_fullwidth_slider][\/et_pb_section][et_pb_section fb_built=&#8221;1&#8243; _builder_version=&#8221;3.22&#8243;][et_pb_row _builder_version=&#8221;3.25&#8243;][et_pb_column type=&#8221;4_4&#8243; _builder_version=&#8221;3.25&#8243; custom_padding=&#8221;|||&#8221; custom_padding__hover=&#8221;|||&#8221;][et_pb_text _builder_version=&#8221;3.21.1&#8243;] La nuova idea del fitness si chiama aquabike e promette risultati davvero sorprendenti per la tonificazione e il rassodamento muscolare. La bicicletta in acqua \u00e8 un attrezzo dell\u2019ultima generazione e consente un allenamento divertente e di facile esecuzione [&hellip;]\" \/>\n<meta property=\"og:url\" content=\"https:\/\/lavagna90asd.org\/index.php\/corsi-attrezzi\/\" \/>\n<meta property=\"og:site_name\" content=\"Piscina di Lavagna\" \/>\n<meta property=\"article:publisher\" content=\"https:\/\/www.facebook.com\/lavagna90asd\/\" \/>\n<meta property=\"article:modified_time\" content=\"2025-08-23T18:11:27+00:00\" \/>\n<meta name=\"twitter:card\" content=\"summary_large_image\" \/>\n<meta name=\"twitter:label1\" content=\"Tempo di lettura stimato\" \/>\n\t<meta name=\"twitter:data1\" content=\"4 minuti\" \/>\n<script type=\"application\/ld+json\" class=\"yoast-schema-graph\">{\"@context\":\"https:\\\/\\\/schema.org\",\"@graph\":[{\"@type\":\"WebPage\",\"@id\":\"https:\\\/\\\/lavagna90asd.org\\\/index.php\\\/corsi-attrezzi\\\/\",\"url\":\"https:\\\/\\\/lavagna90asd.org\\\/index.php\\\/corsi-attrezzi\\\/\",\"name\":\"Corsi Attrezzi - Piscina di Lavagna\",\"isPartOf\":{\"@id\":\"https:\\\/\\\/lavagna90asd.org\\\/#website\"},\"datePublished\":\"2019-08-12T05:58:55+00:00\",\"dateModified\":\"2025-08-23T18:11:27+00:00\",\"breadcrumb\":{\"@id\":\"https:\\\/\\\/lavagna90asd.org\\\/index.php\\\/corsi-attrezzi\\\/#breadcrumb\"},\"inLanguage\":\"it-IT\",\"potentialAction\":[{\"@type\":\"ReadAction\",\"target\":[\"https:\\\/\\\/lavagna90asd.org\\\/index.php\\\/corsi-attrezzi\\\/\"]}]},{\"@type\":\"BreadcrumbList\",\"@id\":\"https:\\\/\\\/lavagna90asd.org\\\/index.php\\\/corsi-attrezzi\\\/#breadcrumb\",\"itemListElement\":[{\"@type\":\"ListItem\",\"position\":1,\"name\":\"Home\",\"item\":\"https:\\\/\\\/lavagna90asd.org\\\/\"},{\"@type\":\"ListItem\",\"position\":2,\"name\":\"Corsi Attrezzi\"}]},{\"@type\":\"WebSite\",\"@id\":\"https:\\\/\\\/lavagna90asd.org\\\/#website\",\"url\":\"https:\\\/\\\/lavagna90asd.org\\\/\",\"name\":\"Piscina di Lavagna\",\"description\":\"\",\"publisher\":{\"@id\":\"https:\\\/\\\/lavagna90asd.org\\\/#organization\"},\"potentialAction\":[{\"@type\":\"SearchAction\",\"target\":{\"@type\":\"EntryPoint\",\"urlTemplate\":\"https:\\\/\\\/lavagna90asd.org\\\/?s={search_term_string}\"},\"query-input\":{\"@type\":\"PropertyValueSpecification\",\"valueRequired\":true,\"valueName\":\"search_term_string\"}}],\"inLanguage\":\"it-IT\"},{\"@type\":\"Organization\",\"@id\":\"https:\\\/\\\/lavagna90asd.org\\\/#organization\",\"name\":\"Piscina di Lavagna\",\"url\":\"https:\\\/\\\/lavagna90asd.org\\\/\",\"logo\":{\"@type\":\"ImageObject\",\"inLanguage\":\"it-IT\",\"@id\":\"https:\\\/\\\/lavagna90asd.org\\\/#\\\/schema\\\/logo\\\/image\\\/\",\"url\":\"https:\\\/\\\/lavagna90asd.org\\\/wp-content\\\/uploads\\\/2019\\\/08\\\/Cattura-1.png\",\"contentUrl\":\"https:\\\/\\\/lavagna90asd.org\\\/wp-content\\\/uploads\\\/2019\\\/08\\\/Cattura-1.png\",\"width\":531,\"height\":100,\"caption\":\"Piscina di Lavagna\"},\"image\":{\"@id\":\"https:\\\/\\\/lavagna90asd.org\\\/#\\\/schema\\\/logo\\\/image\\\/\"},\"sameAs\":[\"https:\\\/\\\/www.facebook.com\\\/lavagna90asd\\\/\"]}]}<\/script>\n<!-- \/ Yoast SEO plugin. -->","yoast_head_json":{"title":"Corsi Attrezzi - Piscina di Lavagna","robots":{"index":"index","follow":"follow","max-snippet":"max-snippet:-1","max-image-preview":"max-image-preview:large","max-video-preview":"max-video-preview:-1"},"canonical":"https:\/\/lavagna90asd.org\/index.php\/corsi-attrezzi\/","og_locale":"it_IT","og_type":"article","og_title":"Corsi Attrezzi - Piscina di Lavagna","og_description":"[et_pb_section fb_built=&#8221;1&#8243; fullwidth=&#8221;on&#8221; _builder_version=&#8221;3.22&#8243;][et_pb_fullwidth_slider _builder_version=&#8221;3.26.7&#8243;][et_pb_slide heading=&#8221;Corsi Attrezzi&#8221; _builder_version=&#8221;3.21.1&#8243; background_image=&#8221;https:\/\/lavagna90asd.org\/wp-content\/uploads\/2025\/08\/attrezzi.jpg&#8221;][\/et_pb_slide][\/et_pb_fullwidth_slider][\/et_pb_section][et_pb_section fb_built=&#8221;1&#8243; _builder_version=&#8221;3.22&#8243;][et_pb_row _builder_version=&#8221;3.25&#8243;][et_pb_column type=&#8221;4_4&#8243; _builder_version=&#8221;3.25&#8243; custom_padding=&#8221;|||&#8221; custom_padding__hover=&#8221;|||&#8221;][et_pb_text _builder_version=&#8221;3.21.1&#8243;] La nuova idea del fitness si chiama aquabike e promette risultati davvero sorprendenti per la tonificazione e il rassodamento muscolare. La bicicletta in acqua \u00e8 un attrezzo dell\u2019ultima generazione e consente un allenamento divertente e di facile esecuzione [&hellip;]","og_url":"https:\/\/lavagna90asd.org\/index.php\/corsi-attrezzi\/","og_site_name":"Piscina di Lavagna","article_publisher":"https:\/\/www.facebook.com\/lavagna90asd\/","article_modified_time":"2025-08-23T18:11:27+00:00","twitter_card":"summary_large_image","twitter_misc":{"Tempo di lettura stimato":"4 minuti"},"schema":{"@context":"https:\/\/schema.org","@graph":[{"@type":"WebPage","@id":"https:\/\/lavagna90asd.org\/index.php\/corsi-attrezzi\/","url":"https:\/\/lavagna90asd.org\/index.php\/corsi-attrezzi\/","name":"Corsi Attrezzi - Piscina di Lavagna","isPartOf":{"@id":"https:\/\/lavagna90asd.org\/#website"},"datePublished":"2019-08-12T05:58:55+00:00","dateModified":"2025-08-23T18:11:27+00:00","breadcrumb":{"@id":"https:\/\/lavagna90asd.org\/index.php\/corsi-attrezzi\/#breadcrumb"},"inLanguage":"it-IT","potentialAction":[{"@type":"ReadAction","target":["https:\/\/lavagna90asd.org\/index.php\/corsi-attrezzi\/"]}]},{"@type":"BreadcrumbList","@id":"https:\/\/lavagna90asd.org\/index.php\/corsi-attrezzi\/#breadcrumb","itemListElement":[{"@type":"ListItem","position":1,"name":"Home","item":"https:\/\/lavagna90asd.org\/"},{"@type":"ListItem","position":2,"name":"Corsi Attrezzi"}]},{"@type":"WebSite","@id":"https:\/\/lavagna90asd.org\/#website","url":"https:\/\/lavagna90asd.org\/","name":"Piscina di Lavagna","description":"","publisher":{"@id":"https:\/\/lavagna90asd.org\/#organization"},"potentialAction":[{"@type":"SearchAction","target":{"@type":"EntryPoint","urlTemplate":"https:\/\/lavagna90asd.org\/?s={search_term_string}"},"query-input":{"@type":"PropertyValueSpecification","valueRequired":true,"valueName":"search_term_string"}}],"inLanguage":"it-IT"},{"@type":"Organization","@id":"https:\/\/lavagna90asd.org\/#organization","name":"Piscina di Lavagna","url":"https:\/\/lavagna90asd.org\/","logo":{"@type":"ImageObject","inLanguage":"it-IT","@id":"https:\/\/lavagna90asd.org\/#\/schema\/logo\/image\/","url":"https:\/\/lavagna90asd.org\/wp-content\/uploads\/2019\/08\/Cattura-1.png","contentUrl":"https:\/\/lavagna90asd.org\/wp-content\/uploads\/2019\/08\/Cattura-1.png","width":531,"height":100,"caption":"Piscina di Lavagna"},"image":{"@id":"https:\/\/lavagna90asd.org\/#\/schema\/logo\/image\/"},"sameAs":["https:\/\/www.facebook.com\/lavagna90asd\/"]}]}},"_links":{"self":[{"href":"https:\/\/lavagna90asd.org\/index.php\/wp-json\/wp\/v2\/pages\/82","targetHints":{"allow":["GET"]}}],"collection":[{"href":"https:\/\/lavagna90asd.org\/index.php\/wp-json\/wp\/v2\/pages"}],"about":[{"href":"https:\/\/lavagna90asd.org\/index.php\/wp-json\/wp\/v2\/types\/page"}],"author":[{"embeddable":true,"href":"https:\/\/lavagna90asd.org\/index.php\/wp-json\/wp\/v2\/users\/1"}],"replies":[{"embeddable":true,"href":"https:\/\/lavagna90asd.org\/index.php\/wp-json\/wp\/v2\/comments?post=82"}],"version-history":[{"count":15,"href":"https:\/\/lavagna90asd.org\/index.php\/wp-json\/wp\/v2\/pages\/82\/revisions"}],"predecessor-version":[{"id":989,"href":"https:\/\/lavagna90asd.org\/index.php\/wp-json\/wp\/v2\/pages\/82\/revisions\/989"}],"wp:attachment":[{"href":"https:\/\/lavagna90asd.org\/index.php\/wp-json\/wp\/v2\/media?parent=82"}],"curies":[{"name":"wp","href":"https:\/\/api.w.org\/{rel}","templated":true}]}}